
{"id":9284,"date":"2024-03-01T13:26:29","date_gmt":"2024-03-01T13:26:29","guid":{"rendered":"https:\/\/algarverealestate.com\/pt\/sobre-nos\/"},"modified":"2026-03-17T13:39:47","modified_gmt":"2026-03-17T13:39:47","slug":"sobre-nos","status":"publish","type":"page","link":"https:\/\/algarverealestate.com\/pt\/sobre-nos\/","title":{"rendered":"Sobre n\u00f3s"},"content":{"rendered":"<h2>ARE, uma imobili\u00e1ria portuguesa<\/h2>\n<p>Somos a ARE, Real Estate, Lda \u2014 uma empresa imobili\u00e1ria portuguesa de propriedade familiar fundada em 2012.<\/p>\n<p>Desde a nossa funda\u00e7\u00e3o no cora\u00e7\u00e3o de Vilamoura, torn\u00e1mo-nos o seu guia confi\u00e1vel para viver e investir em Portugal. A nossa influ\u00eancia e presen\u00e7a estendem-se por todo o pa\u00eds, garantindo que onde quer que escolha viver ou investir, estaremos ao seu lado para ajudar.<\/p>\n<figure id=\"attachment_85238\" aria-describedby=\"caption-attachment-85238\" style=\"width: 1149px\" class=\"wp-caption alignnone\"><a href=\"https:\/\/algarverealestate.com\/pt\/wp-content\/uploads\/2026\/01\/are-about-us-about.jpg\"><img loading=\"lazy\" decoding=\"async\" class=\"size-full wp-image-85238\" src=\"https:\/\/algarverealestate.com\/pt\/wp-content\/uploads\/2026\/01\/are-about-us-about.jpg\" alt=\"ARE - Imobili\u00e1ria do Algarve\" width=\"1149\" height=\"784\" \/><\/a><figcaption id=\"caption-attachment-85238\" class=\"wp-caption-text\"><em>ARE &#8211; Imobili\u00e1ria do Algarve<\/em><br \/>ARE \u00e9 um guia confi\u00e1vel no mundo do mercado imobili\u00e1rio portugu\u00eas. Como uma ag\u00eancia de propriedade familiar, temos conex\u00f5es profundamente enraizadas e um entendimento profundo da paisagem do mercado no Algarve e em Lisboa. Nossa vantagem n\u00e3o reside apenas no que possu\u00edmos, mas tamb\u00e9m em nossa ampla rede de propriet\u00e1rios e desenvolvedores. Se n\u00e3o temos a propriedade que voc\u00ea procura, certamente sabemos quem tem.<\/p>\n<p>ARE foi estabelecida em 2012 por Jose Mora F\u00e9ria, que imaginava um servi\u00e7o centrado no cliente baseado em confian\u00e7a, honestidade e la\u00e7os familiares. Come\u00e7ando da nossa base em Vilamoura, Algarve, crescemos para incluir filiais em Lisboa e Cascais, com uma cont\u00ednua expans\u00e3o em Portugal no horizonte.<\/figcaption><\/figure>\n<h2>ARE &#8211; Localiza\u00e7\u00f5es:<\/h2>\n<figure id=\"attachment_85244\" aria-describedby=\"caption-attachment-85244\" style=\"width: 1400px\" class=\"wp-caption alignnone\"><a href=\"https:\/\/algarverealestate.com\/pt\/wp-content\/uploads\/2026\/01\/are-about-us-portugal.jpg\"><img loading=\"lazy\" decoding=\"async\" class=\"size-full wp-image-85244\" src=\"https:\/\/algarverealestate.com\/pt\/wp-content\/uploads\/2026\/01\/are-about-us-portugal.jpg\" alt=\"Av. Vilamoura XXI, edf. Portal de Vilamoura, Bloco A, 1\u00ba F - Vilamoura Portugal\" width=\"1400\" height=\"647\" \/><\/a><figcaption id=\"caption-attachment-85244\" class=\"wp-caption-text\"><em>Av. Vilamoura XXI, edf. Portal de Vilamoura, Bloco A, 1\u00ba F &#8211; Vilamoura Portugal<\/em><\/figcaption><\/figure>\n<ul>\n<li><strong>Sede<\/strong>: Vilamoura.<\/li>\n<li><strong>Escrit\u00f3rios locais<\/strong>: Vilamoura e Quinta do Lago no Algarve.<\/li>\n<li><strong>Lojas imobili\u00e1rias<\/strong>: Lisboa (Av. da Liberdade), Cascais, Estoril, Parque das Na\u00e7\u00f5es e outras localiza\u00e7\u00f5es premium.<\/li>\n<\/ul>\n<p>O nosso legado n\u00e3o se constr\u00f3i apenas em transa\u00e7\u00f5es imobili\u00e1rias, mas nas profundas rela\u00e7\u00f5es que cultiv\u00e1mos ao longo dos anos. Isso permitiu-nos oferecer insights al\u00e9m da propriedade \u2014 uma verdadeira compreens\u00e3o do modo de vida portugu\u00eas. A nossa vasta rede inclui especialistas do setor de hospitalidade, consultores fiscais, profissionais jur\u00eddicos e parceiros na ind\u00fastria do turismo.<\/p>\n<h2>Porqu\u00ea escolher a ARE?<\/h2>\n<ul>\n<li>Orienta\u00e7\u00e3o detalhada para identificar os melhores lugares para viver ou investir em Portugal.<\/li>\n<li>Comprovada experi\u00eancia em ajud\u00e1-lo a criar um neg\u00f3cio.<\/li>\n<li>O seu balc\u00e3o \u00fanico para todas as necessidades imobili\u00e1rias.<\/li>\n<\/ul>\n<p>No centro da nossa oferta est\u00e1 a nossa incompar\u00e1vel capacidade de aconselhar sobre todos os aspetos da vida em Portugal. Conte conosco para gui\u00e1-lo passo a passo em dire\u00e7\u00e3o \u00e0 realiza\u00e7\u00e3o do seu sonho portugu\u00eas.<\/p>\n","protected":false},"excerpt":{"rendered":"<p>ARE, uma imobili\u00e1ria portuguesa Somos a ARE, Real Estate, Lda \u2014 uma empresa imobili\u00e1ria portuguesa de propriedade familiar fundada em 2012. Desde a nossa funda\u00e7\u00e3o no cora\u00e7\u00e3o de Vilamoura, torn\u00e1mo-nos o seu guia confi\u00e1vel para viver e investir em Portugal. A nossa influ\u00eancia e presen\u00e7a estendem-se por todo o pa\u00eds, garantindo que onde quer que [&hellip;]<\/p>\n","protected":false},"author":1,"featured_media":9285,"parent":0,"menu_order":0,"comment_status":"closed","ping_status":"open","template":"page-about-us.php","meta":{"footnotes":""},"class_list":["post-9284","page","type-page","status-publish","has-post-thumbnail","hentry"],"_links":{"self":[{"href":"https:\/\/algarverealestate.com\/pt\/wp-json\/wp\/v2\/pages\/9284","targetHints":{"allow":["GET"]}}],"collection":[{"href":"https:\/\/algarverealestate.com\/pt\/wp-json\/wp\/v2\/pages"}],"about":[{"href":"https:\/\/algarverealestate.com\/pt\/wp-json\/wp\/v2\/types\/page"}],"author":[{"embeddable":true,"href":"https:\/\/algarverealestate.com\/pt\/wp-json\/wp\/v2\/users\/1"}],"replies":[{"embeddable":true,"href":"https:\/\/algarverealestate.com\/pt\/wp-json\/wp\/v2\/comments?post=9284"}],"version-history":[{"count":0,"href":"https:\/\/algarverealestate.com\/pt\/wp-json\/wp\/v2\/pages\/9284\/revisions"}],"wp:featuredmedia":[{"embeddable":true,"href":"https:\/\/algarverealestate.com\/pt\/wp-json\/wp\/v2\/media\/9285"}],"wp:attachment":[{"href":"https:\/\/algarverealestate.com\/pt\/wp-json\/wp\/v2\/media?parent=9284"}],"curies":[{"name":"wp","href":"https:\/\/api.w.org\/{rel}","templated":true}]}}