
{"id":6346,"date":"2024-03-01T13:26:29","date_gmt":"2024-03-01T13:26:29","guid":{"rendered":"https:\/\/algarverealestate.com\/fr\/a-propos-de-nous\/"},"modified":"2026-04-12T16:44:47","modified_gmt":"2026-04-12T16:44:47","slug":"a-propos-de-nous","status":"publish","type":"page","link":"https:\/\/algarverealestate.com\/fr\/a-propos-de-nous\/","title":{"rendered":"\u00c0 propos de nous"},"content":{"rendered":"<h2>ARE, une agence immobili\u00e8re portugaise<\/h2>\n<p>Nous sommes <a href=\"https:\/\/are.pt\" title=\"ARE, real estate in Portugal\" target=\"_blank\">ARE<\/a>, LDA, \u2014 une entreprise immobili\u00e8re portugaise familiale fond\u00e9e en 2012.<\/p>\n<p>Depuis notre cr\u00e9ation au c\u0153ur de Vilamoura, nous sommes devenus votre guide de confiance pour vivre et investir au Portugal. Notre influence et notre pr\u00e9sence couvrent tout le pays, garantissant que, o\u00f9 que vous choisissiez de vivre ou d&#8217;investir, nous sommes \u00e0 vos c\u00f4t\u00e9s pour vous assister.<\/p>\n<figure id=\"attachment_85236\" aria-describedby=\"caption-attachment-85236\" style=\"width: 1149px\" class=\"wp-caption alignnone\"><a href=\"https:\/\/algarverealestate.com\/fr\/wp-content\/uploads\/2026\/01\/are-about-us-about.jpg\"><img loading=\"lazy\" decoding=\"async\" class=\"size-full wp-image-85236\" src=\"https:\/\/algarverealestate.com\/fr\/wp-content\/uploads\/2026\/01\/are-about-us-about.jpg\" alt=\"ARE - Immobilier de l'Algarve\" width=\"1149\" height=\"784\" \/><\/a><figcaption id=\"caption-attachment-85236\" class=\"wp-caption-text\"><em>ARE &#8211; Immobilier de l&#8217;Algarve<\/em><br \/>ARE est un guide de confiance dans le monde de l&#8217;immobilier portugais. En tant qu&#8217;agence familiale, nous avons des liens profond\u00e9ment enracin\u00e9s et une compr\u00e9hension approfondie du paysage du march\u00e9 en Algarve et \u00e0 Lisbonne. Notre avantage ne r\u00e9side pas seulement dans ce que nous poss\u00e9dons, mais \u00e9galement dans notre vaste r\u00e9seau de propri\u00e9taires et de promoteurs. Si nous n&#8217;avons pas la propri\u00e9t\u00e9 que vous recherchez, nous savons certainement qui l&#8217;a.<\/p>\n<p>ARE a \u00e9t\u00e9 fond\u00e9 en 2012 par Jose Mora F\u00e9ria, qui envisageait un service centr\u00e9 sur le client bas\u00e9 sur la confiance, l&#8217;honn\u00eatet\u00e9 et les liens familiaux. En partant de notre si\u00e8ge \u00e0 Vilamoura, Algarve, nous avons \u00e9largi notre pr\u00e9sence pour inclure des succursales \u00e0 Lisbonne et Cascais, avec une expansion continue \u00e0 travers le Portugal \u00e0 l&#8217;horizon.<\/figcaption><\/figure>\n<h2>ARE &#8211; Emplacements:<\/h2>\n<figure id=\"attachment_85242\" aria-describedby=\"caption-attachment-85242\" style=\"width: 1400px\" class=\"wp-caption alignnone\"><a href=\"https:\/\/algarverealestate.com\/fr\/wp-content\/uploads\/2026\/01\/are-about-us-portugal.jpg\"><img loading=\"lazy\" decoding=\"async\" class=\"size-full wp-image-85242\" src=\"https:\/\/algarverealestate.com\/fr\/wp-content\/uploads\/2026\/01\/are-about-us-portugal.jpg\" alt=\"\" width=\"1400\" height=\"647\" \/><\/a><figcaption id=\"caption-attachment-85242\" class=\"wp-caption-text\"><em>Av. Vilamoura XXI, edf. Portal de Vilamoura, Bloco A, 1\u00ba F &#8211; Vilamoura Portugal<\/em><\/figcaption><\/figure>\n<ul>\n<li><strong>Si\u00e8ge<\/strong>: Vilamoura.<\/li>\n<li><strong>Bureaux locaux<\/strong>: Vilamoura et Quinta do Lago dans l&#8217;Algarve.<\/li>\n<li><strong>Magasins immobiliers<\/strong>: Lisbonne (Av. da Liberdade), Cascais, Estoril, Parque das Na\u00e7\u00f5es et d&#8217;autres emplacements de choix.<\/li>\n<\/ul>\n<p>Notre h\u00e9ritage ne repose pas seulement sur des transactions immobili\u00e8res, mais sur les relations profondes que nous avons d\u00e9velopp\u00e9es au fil des ann\u00e9es. Cela nous a permis d&#8217;offrir des perspectives bien au-del\u00e0 de l&#8217;immobilier \u2014 une v\u00e9ritable compr\u00e9hension du mode de vie portugais. Notre vaste r\u00e9seau comprend des experts du secteur de l&#8217;h\u00f4tellerie, des consultants fiscaux, des professionnels du droit et des partenaires de l&#8217;industrie du tourisme.<\/p>\n<h2>Pourquoi choisir ARE?<\/h2>\n<ul>\n<li>Des conseils approfondis pour identifier les meilleurs endroits pour vivre ou investir au Portugal.<\/li>\n<li>Une expertise av\u00e9r\u00e9e pour vous aider \u00e0 cr\u00e9er une entreprise.<\/li>\n<li>Votre guichet unique pour tous vos besoins immobiliers.<\/li>\n<\/ul>\n<p>Au c\u0153ur de nos services se trouve notre capacit\u00e9 in\u00e9gal\u00e9e \u00e0 conseiller sur tous les aspects de la vie au Portugal. Comptez sur nous pour vous guider pas \u00e0 pas vers la r\u00e9alisation de votre r\u00eave portugais.<\/p>\n","protected":false},"excerpt":{"rendered":"<p>ARE, une agence immobili\u00e8re portugaise Nous sommes ARE, LDA, \u2014 une entreprise immobili\u00e8re portugaise familiale fond\u00e9e en 2012. Depuis notre cr\u00e9ation au c\u0153ur de Vilamoura, nous sommes devenus votre guide de confiance pour vivre et investir au Portugal. Notre influence et notre pr\u00e9sence couvrent tout le pays, garantissant que, o\u00f9 que vous choisissiez de vivre [&hellip;]<\/p>\n","protected":false},"author":1,"featured_media":6347,"parent":0,"menu_order":0,"comment_status":"closed","ping_status":"open","template":"page-about-us.php","meta":{"footnotes":""},"class_list":["post-6346","page","type-page","status-publish","has-post-thumbnail","hentry"],"_links":{"self":[{"href":"https:\/\/algarverealestate.com\/fr\/wp-json\/wp\/v2\/pages\/6346","targetHints":{"allow":["GET"]}}],"collection":[{"href":"https:\/\/algarverealestate.com\/fr\/wp-json\/wp\/v2\/pages"}],"about":[{"href":"https:\/\/algarverealestate.com\/fr\/wp-json\/wp\/v2\/types\/page"}],"author":[{"embeddable":true,"href":"https:\/\/algarverealestate.com\/fr\/wp-json\/wp\/v2\/users\/1"}],"replies":[{"embeddable":true,"href":"https:\/\/algarverealestate.com\/fr\/wp-json\/wp\/v2\/comments?post=6346"}],"version-history":[{"count":1,"href":"https:\/\/algarverealestate.com\/fr\/wp-json\/wp\/v2\/pages\/6346\/revisions"}],"predecessor-version":[{"id":19091,"href":"https:\/\/algarverealestate.com\/fr\/wp-json\/wp\/v2\/pages\/6346\/revisions\/19091"}],"wp:featuredmedia":[{"embeddable":true,"href":"https:\/\/algarverealestate.com\/fr\/wp-json\/wp\/v2\/media\/6347"}],"wp:attachment":[{"href":"https:\/\/algarverealestate.com\/fr\/wp-json\/wp\/v2\/media?parent=6346"}],"curies":[{"name":"wp","href":"https:\/\/api.w.org\/{rel}","templated":true}]}}